{"id":363,"date":"2019-09-10T18:02:05","date_gmt":"2019-09-10T18:02:05","guid":{"rendered":"https:\/\/pacificflywayshorebirds.org\/?page_id=363"},"modified":"2019-09-10T18:03:30","modified_gmt":"2019-09-10T18:03:30","slug":"socios","status":"publish","type":"page","link":"https:\/\/pacificflywayshorebirds.org\/es\/socios\/","title":{"rendered":"Socios"},"content":{"rendered":"<div class=\"wpb-content-wrapper\">[vc_row][vc_column][vc_column_text]La estrategia puede ser exitosa en conservar las aves playeras gracias a las muchas organizaciones socias que est\u00e1n directamente involucradas en la implementaci\u00f3n de la misma. La estrategia puede ser transformada en acciones tangibles y espacialmente explicitas. Visite las p\u00e1ginas de internet de nuestros socios para conocer m\u00e1s sobre estas organizaciones y sus acciones para conservar las aves playeras y sus h\u00e1bitats.[\/vc_column_text]<div class=\"vcex-spacing wpex-w-100 wpex-clear\"><\/div><figure class=\"vcex-image vcex-module textcenter\"><div class=\"vcex-image-inner wpex-relative wpex-inline-block\"><img width=\"1200\" height=\"600\" src=\"https:\/\/pacificflywayshorebirds.org\/wp-content\/uploads\/2019\/07\/psci-partners.jpg\" class=\"vcex-image-img wpex-align-middle\" alt=\"\" loading=\"lazy\" decoding=\"async\" srcset=\"https:\/\/pacificflywayshorebirds.org\/wp-content\/uploads\/2019\/07\/psci-partners.jpg 1200w, https:\/\/pacificflywayshorebirds.org\/wp-content\/uploads\/2019\/07\/psci-partners-300x150.jpg 300w, https:\/\/pacificflywayshorebirds.org\/wp-content\/uploads\/2019\/07\/psci-partners-768x384.jpg 768w, https:\/\/pacificflywayshorebirds.org\/wp-content\/uploads\/2019\/07\/psci-partners-1024x512.jpg 1024w\" sizes=\"auto, (max-width: 1200px) 100vw, 1200px\" \/><\/div><\/figure><style> style=\"height:6px;\"<\/style><div class=\"vcex-spacing wpex-w-100 wpex-clear\" style=\"height:6px;\"><\/div>[vc_column_text text_align=\u00bbleft\u00bb color=\u00bb#999999&#8243; font_size=\u00bb12px\u00bb font_family=\u00bbAvenirLTPro-Light\u00bb]Miembros del Comit\u00e9 directivo y de planeaci\u00f3n en el Western Hemisphere Shorebird Group VI meeting in Wallops Island, Virginia, USA. September 2015.[\/vc_column_text]<div class=\"vcex-spacing wpex-w-100 wpex-clear\"><\/div>[vc_column_text]\n<h2>Nuestros compa\u00f1eros<\/h2>\n[\/vc_column_text][\/vc_column][\/vc_row][vc_row][vc_column width=\u00bb1\/2&#8243; css=\u00bb.vc_custom_1560265666448{margin-bottom: 20px !important;}\u00bb][vc_column_text]<a href=\"https:\/\/www.azgfd.com\/wildlife\/nongamemanagement\/\">Arizona Game and Fish Department<\/a><\/p>\n<p><a href=\"https:\/\/calidris.org.co\/\">Asociaci\u00f3n Calidris<\/a><\/p>\n<p><a href=\"https:\/\/avesdehonduras.org\/\">Asociaci\u00f3n Hondure\u00f1a de la Ornitolog\u00eda<\/a><\/p>\n<p><a href=\"http:\/\/www.avesconservacion.org\/\">Aves y Conservaci\u00f3n<\/a><\/p>\n<p><a href=\"https:\/\/www.birdscanada.org\/\">Bird Studies Canada<\/a><\/p>\n<p><a href=\"https:\/\/www.birdlife.org\/americas\/partnership\/about-birdlife-americas\">BirdLife International<\/a><\/p>\n<p><a href=\"https:\/\/www.blm.gov\/programs\/fish-and-wildlife\/wildlife\">Bureau of Land Management<\/a><\/p>\n<p><a href=\"https:\/\/www.wildlife.ca.gov\/Explore\/Organization\/WLB\/Nongame\">California Department of Fish and Wildlife<\/a><\/p>\n<p><a href=\"https:\/\/www.canada.ca\/en\/environment-climate-change\/services\/avoiding-harm-migratory-birds\/canadian-wildlife-service-contact-information.html\">Canadian Wildlife Service<\/a><\/p>\n<p><a href=\"http:\/\/cecpan.org\/\">Centro de Estudios y Conservaci\u00f3n del Patrimonio Natural (CECPAN)<\/a><\/p>\n<p><a href=\"https:\/\/www.cicese.edu.mx\/\">Centro de Investigaci\u00f3n Cient\u00edfica y de Educaci\u00f3n Superior de Ensenada (CICESE)<\/a><\/p>\n<p><a href=\"http:\/\/www.cooperecological.com\/\">Cooper Ecological Monitoring, Inc.<\/a><\/p>\n<p><a href=\"http:\/\/www.corbidi.org\/\">CORBIDI<\/a><\/p>\n<p><a href=\"https:\/\/www.ducks.org\/conservation\/where-ducks-unlimited-works\/baja-california-desert?poe=related\">Ducks Unlimited<\/a><\/p>\n<p><a href=\"https:\/\/www.environmentamericas.org\/\">Environment for the Americas<\/a><\/p>\n<p><a href=\"https:\/\/www.fundacioninalafquen.org.ar\/?fbclid=IwAR3ibykpdo6uyIOKcsZpT96kRx6GqoefQqn8HqUEMskVZ9cjrWFYjjk1AXs\">Fundaci\u00f3n Inalafquen<\/a><\/p>\n<p><a href=\"https:\/\/idfg.idaho.gov\/wildlife\/wildlife-diversity-program\">Idaho Department of Fish and Game<\/a><\/p>\n<p><a href=\"https:\/\/ibo.boisestate.edu\/home\/\">Intermountain Bird Observatory<\/a><\/p>\n<p><a href=\"https:\/\/iwjv.org\/\">Intermountain West Joint Venture<\/a><\/p>\n<p><a href=\"https:\/\/www.kachemaklandtrust.org\/\">Kachemak Heritage Land Trust<\/a><\/p>\n<p><a href=\"https:\/\/www.manomet.org\/project\/shorebird-recovery\/\">Manomet<\/a><\/p>\n<p><a href=\"http:\/\/www.museocostarica.go.cr\/en_en\/historia-del-museo\/historia-del-museo.html?Itemid=56\">Museo Nacional de Costa Rica, Costa Rica<\/a><\/p>\n<p><a href=\"https:\/\/www.audubon.org\/\">National Audubon Society<\/a><\/p>\n<p><a href=\"http:\/\/www.ndow.org\/Our_Agency\/Divisions\/Wildlife_Diversity\/\">Nevada Department of Wildlife<\/a><\/p>\n<p><a href=\"https:\/\/community.njaudubon.org\/research\">New Jersey Audubon<\/a><\/p>\n<p><a href=\"https:\/\/pacificbirds.org\/\">Pacific Birds Habitat Joint Venture<\/a><\/p>\n[\/vc_column_text][\/vc_column][vc_column width=\u00bb1\/2&#8243;][vc_column_text]\n<p><a href=\"https:\/\/www.audubonpanama.org\/\">Panam\u00e1 Audubon Society<\/a><\/p>\n<p><a href=\"https:\/\/www.pointblue.org\/our-work\/shorelines\/\">Point Blue Conservation Science<\/a><\/p>\n<p><a href=\"https:\/\/audubonportland.org\/\">Portland Audubon Society<\/a><\/p>\n<p><a href=\"http:\/\/pronatura-noroeste.org\/es\/en\/\">Pronatura Noroeste<\/a><\/p>\n<p><a href=\"http:\/\/www.pronatura-sur.org\/web\/\">Pronatura Sur<\/a><\/p>\n<p><a href=\"http:\/\/quetzallinicaragua.blogspot.com\/\">Quetzalli<\/a><\/p>\n<p><a href=\"https:\/\/www.redobservadores.cl\/\">Red Observadores de Aves y Vida Silvestre de Chile (ROC)<\/a><\/p>\n<p><a href=\"http:\/\/www.salvanatura.org\/\">Salva Natura<\/a><\/p>\n<p><a href=\"https:\/\/sandiegoaudubon.org\/\">San Diego Audubon Society<\/a><\/p>\n<p><a href=\"http:\/\/www.sfbayjv.org\/\">San Francisco Bay Joint Venture<\/a><\/p>\n<p><a href=\"https:\/\/sonoranjv.org\/\">Sonoran Joint Venture<\/a><\/p>\n<p><a href=\"https:\/\/www.shorebirdplan.org\/\">U.S. Fish and Wildlife Service Migratory Bird Program &#8211; U.S. Shorebird Conservation Partnership<\/a><\/p>\n<p><a href=\"https:\/\/www.fws.gov\/birds\/grants\/neotropical-migratory-bird-conservation-act.php\">U.S. Fish and Wildlife Service Migratory Bird Program &#8211; Neotropical Migratory Bird Conservation Act<\/a><\/p>\n<p><a href=\"https:\/\/www.fs.fed.us\/global\/wings\/birds\/crimbi\/welcome.htm\">U.S. Forest Service &#8211; Copper River International Migratory Bird Initiative<\/a><\/p>\n<p><a href=\"http:\/\/uniondeornitologos.com\/\">Union de Ornitologos de Costa Rica<\/a><\/p>\n<p><a href=\"https:\/\/www.undp.org\/content\/undp\/en\/home.html\">United Nations Development Programme<\/a><\/p>\n<p><a href=\"https:\/\/www.uabcs.mx\/\">Universidad Aut\u00f3noma de Baja California Sur<\/a><\/p>\n<p><a href=\"https:\/\/www.ucr.ac.cr\/\">Universidad de Costa Rica<\/a><\/p>\n<p><a href=\"http:\/\/mzt.icmyl.unam.mx\/\">Universidad Nacional Aut\u00f3noma de M\u00e9xico \u2013 Mazatl\u00e1n<\/a><\/p>\n<p><a href=\"https:\/\/www.usta.edu.co\/\">Universidad Santo Tom\u00e1s<\/a><\/p>\n<p><a href=\"https:\/\/www.sc.edu\/\">University of South Carolina<\/a><\/p>\n<p><a href=\"https:\/\/wildlife.utah.gov\/\">Utah Division of Wildlife Resources<\/a><\/p>\n<p><a href=\"https:\/\/wdfw.wa.gov\/\">Washington Department of Fish and Wildlife<\/a><\/p>\n<p><a href=\"https:\/\/whsrn.org\/\">Western Hemisphere Shorebird Reserve Network<\/a><\/p>\n[\/vc_column_text][\/vc_column][\/vc_row]\n<\/div>","protected":false},"excerpt":{"rendered":"<p>[vc_row][vc_column][vc_column_text]La estrategia puede ser exitosa en conservar las aves playeras gracias a las muchas organizaciones socias que est\u00e1n directamente involucradas en la implementaci\u00f3n de la misma. La estrategia puede ser transformada en acciones tangibles y espacialmente explicitas. Visite las p\u00e1ginas de internet de nuestros socios para conocer m\u00e1s sobre estas organizaciones y sus acciones para&hellip;<\/p>\n","protected":false},"author":3,"featured_media":0,"parent":0,"menu_order":0,"comment_status":"closed","ping_status":"closed","template":"templates\/no-sidebar.php","meta":{"footnotes":""},"class_list":["post-363","page","type-page","status-publish","hentry","entry","no-media"],"_links":{"self":[{"href":"https:\/\/pacificflywayshorebirds.org\/es\/wp-json\/wp\/v2\/pages\/363","targetHints":{"allow":["GET"]}}],"collection":[{"href":"https:\/\/pacificflywayshorebirds.org\/es\/wp-json\/wp\/v2\/pages"}],"about":[{"href":"https:\/\/pacificflywayshorebirds.org\/es\/wp-json\/wp\/v2\/types\/page"}],"author":[{"embeddable":true,"href":"https:\/\/pacificflywayshorebirds.org\/es\/wp-json\/wp\/v2\/users\/3"}],"replies":[{"embeddable":true,"href":"https:\/\/pacificflywayshorebirds.org\/es\/wp-json\/wp\/v2\/comments?post=363"}],"version-history":[{"count":0,"href":"https:\/\/pacificflywayshorebirds.org\/es\/wp-json\/wp\/v2\/pages\/363\/revisions"}],"wp:attachment":[{"href":"https:\/\/pacificflywayshorebirds.org\/es\/wp-json\/wp\/v2\/media?parent=363"}],"curies":[{"name":"wp","href":"https:\/\/api.w.org\/{rel}","templated":true}]}}